{"id":66,"date":"2025-02-19T09:12:47","date_gmt":"2025-02-19T09:12:47","guid":{"rendered":"https:\/\/hitech.cfolks.pl\/?page_id=66"},"modified":"2025-02-19T09:44:15","modified_gmt":"2025-02-19T09:44:15","slug":"cennik","status":"publish","type":"page","link":"https:\/\/hitech.cfolks.pl\/index.php\/cennik\/","title":{"rendered":"Cennik"},"content":{"rendered":"\n<p><strong>piwnica<\/strong>&nbsp;&nbsp;&nbsp;&nbsp;<strong>533,40 m2<\/strong>&nbsp;\u2013 terakota, drzwi ognioodporne, w tym &nbsp;4 szt pomieszcze\u0144 piwnicznych: kot\u0142ownia 23 m2, pom. wodomierze \u2013 8m2,&nbsp; dwie kom\u00f3rki po 8 m2 -,<\/p>\n\n\n\n<figure class=\"wp-block-image size-large\"><img loading=\"lazy\" decoding=\"async\" width=\"1024\" height=\"768\" src=\"http:\/\/hitech.cfolks.pl\/wp-content\/uploads\/2025\/02\/Lokal-do-wynajecia-barszczanska-17-1024x768.jpg\" alt=\"\" class=\"wp-image-96\" srcset=\"https:\/\/hitech.cfolks.pl\/wp-content\/uploads\/2025\/02\/Lokal-do-wynajecia-barszczanska-17-1024x768.jpg 1024w, https:\/\/hitech.cfolks.pl\/wp-content\/uploads\/2025\/02\/Lokal-do-wynajecia-barszczanska-17-300x225.jpg 300w, https:\/\/hitech.cfolks.pl\/wp-content\/uploads\/2025\/02\/Lokal-do-wynajecia-barszczanska-17-768x576.jpg 768w, https:\/\/hitech.cfolks.pl\/wp-content\/uploads\/2025\/02\/Lokal-do-wynajecia-barszczanska-17.jpg 1200w\" sizes=\"auto, (max-width: 1024px) 100vw, 1024px\" \/><\/figure>\n\n\n\n<p><strong>parter<\/strong>:&nbsp;<strong>536,61m2<\/strong>\u2013 cz\u0119\u015b\u0107 handlowo us\u0142ugowa 111,06 m2 \u2013gres , sufit podwieszany, \u0142azienka dla os\u00f3b niepe\u0142nosprawnych w cz\u0119\u015bci u\u017cytkowej 425,55m2 \u2013o\u015bwietlenie o podwy\u017cszonej ilo\u015bci \u015bwiat\u0142a,&nbsp; du\u017ca ilo\u015b\u0107 gniazd internetowych i zasilaj\u0105cychdruga \u0142azienka, pok\u00f3j socjalny<\/p>\n\n\n\n<figure class=\"wp-block-image size-large\"><img loading=\"lazy\" decoding=\"async\" width=\"1024\" height=\"768\" src=\"http:\/\/hitech.cfolks.pl\/wp-content\/uploads\/2025\/02\/Lokal-do-wynajecia-barszczanska-31-1024x768.jpg\" alt=\"\" class=\"wp-image-78\" srcset=\"https:\/\/hitech.cfolks.pl\/wp-content\/uploads\/2025\/02\/Lokal-do-wynajecia-barszczanska-31-1024x768.jpg 1024w, https:\/\/hitech.cfolks.pl\/wp-content\/uploads\/2025\/02\/Lokal-do-wynajecia-barszczanska-31-300x225.jpg 300w, https:\/\/hitech.cfolks.pl\/wp-content\/uploads\/2025\/02\/Lokal-do-wynajecia-barszczanska-31-768x576.jpg 768w, https:\/\/hitech.cfolks.pl\/wp-content\/uploads\/2025\/02\/Lokal-do-wynajecia-barszczanska-31.jpg 1200w\" sizes=\"auto, (max-width: 1024px) 100vw, 1024px\" \/><\/figure>\n\n\n\n<p><strong>pierwsze pi\u0119tro: 538,51m2\u00a0<\/strong>\u2013 9 pomieszcze\u0144 biurowo \u2013mieszkalnych o pow. 206,4m2 \u00a0\u2013terakota, parkiet, malowanie farba tikkuril\u0105\u00a0w jednym pomieszczeniu kominek na drewno z dodatkowym rozprowadzeniem ciep\u0142a po pomieszczeniach, 3 \u0142azienki o wysokim standardzie jedna z du\u017c\u0105 kabin\u0105 prysznicow\u0105 ,\u00a0taras 10,67m2 \u2013 balustrada\u00a0 stal nierdzewna , szk\u0142o mleczne bezpieczne +cz\u0119\u015b\u0107 u\u017cytkowa 288,7m2 \u00a0\u2013 o\u015bwietlenie o podwy\u017cszonej ilo\u015bci \u015bwiat\u0142a,\u00a0 du\u017ca ilo\u015b\u0107 gniazd internetowych i zasilaj\u0105cych<\/p>\n\n\n\n<figure class=\"wp-block-image size-large\"><img loading=\"lazy\" decoding=\"async\" width=\"1024\" height=\"768\" src=\"http:\/\/hitech.cfolks.pl\/wp-content\/uploads\/2025\/02\/Lokal-do-wynajecia-barszczanska-33-1024x768.jpg\" alt=\"\" class=\"wp-image-80\" srcset=\"https:\/\/hitech.cfolks.pl\/wp-content\/uploads\/2025\/02\/Lokal-do-wynajecia-barszczanska-33-1024x768.jpg 1024w, https:\/\/hitech.cfolks.pl\/wp-content\/uploads\/2025\/02\/Lokal-do-wynajecia-barszczanska-33-300x225.jpg 300w, https:\/\/hitech.cfolks.pl\/wp-content\/uploads\/2025\/02\/Lokal-do-wynajecia-barszczanska-33-768x576.jpg 768w, https:\/\/hitech.cfolks.pl\/wp-content\/uploads\/2025\/02\/Lokal-do-wynajecia-barszczanska-33.jpg 1200w\" sizes=\"auto, (max-width: 1024px) 100vw, 1024px\" \/><\/figure>\n\n\n\n<p><strong>drugie pi\u0119tro: 538,31m2\u00a0<\/strong>\u2013 10 pomieszcze\u0144 biurowo \u2013mieszkalnych o pow. 206,4m2\u00a0 \u2013terakota, deska panelowa, malowanie farba odporna na \u015bcieranie,\u00a0w jednym pomieszczeniu kominek na drewno z dodatkowym rozprowadzeniem ciep\u0142a po pomieszczeniach, 2 \u0142azienki o wysokim standardzie jedna z du\u017c\u0105 kabin\u0105 prysznicow\u0105\u00a0 , kuchnia<br>\u00a0taras 10,67m2 \u2013 balustrada\u00a0 stal nierdzewna, szk\u0142o mleczne bezpieczne<br>+cz\u0119\u015b\u0107 u\u017cytkowa 288,7m2 \u00a0\u2013 o\u015bwietlenie o podwy\u017cszonej ilo\u015bci \u015bwiat\u0142a,\u00a0 du\u017ca ilo\u015b\u0107 gniazd internetowych i zasilaj\u0105cych<\/p>\n\n\n\n<figure class=\"wp-block-image size-large\"><img loading=\"lazy\" decoding=\"async\" width=\"1024\" height=\"768\" src=\"http:\/\/hitech.cfolks.pl\/wp-content\/uploads\/2025\/02\/Lokal-do-wynajecia-barszczanska-41-1024x768.jpg\" alt=\"\" class=\"wp-image-87\" srcset=\"https:\/\/hitech.cfolks.pl\/wp-content\/uploads\/2025\/02\/Lokal-do-wynajecia-barszczanska-41-1024x768.jpg 1024w, https:\/\/hitech.cfolks.pl\/wp-content\/uploads\/2025\/02\/Lokal-do-wynajecia-barszczanska-41-300x225.jpg 300w, https:\/\/hitech.cfolks.pl\/wp-content\/uploads\/2025\/02\/Lokal-do-wynajecia-barszczanska-41-768x576.jpg 768w, https:\/\/hitech.cfolks.pl\/wp-content\/uploads\/2025\/02\/Lokal-do-wynajecia-barszczanska-41.jpg 1200w\" sizes=\"auto, (max-width: 1024px) 100vw, 1024px\" \/><\/figure>\n\n\n\n<p><strong>poddasze\u00a0532m2<\/strong>\u00a0pomieszczenia z mo\u017cliwo\u015bci\u0105 dostosowania do innych warunk\u00f3w w p\u00f3\u017aniejszym terminie<\/p>\n","protected":false},"excerpt":{"rendered":"<p>piwnica&nbsp;&nbsp;&nbsp;&nbsp;533,40 m2&nbsp;\u2013 terakota, drzwi ognioodporne, w tym &nbsp;4 szt pomieszcze\u0144 piwnicznych: kot\u0142ownia 23 m2, pom. wodomierze \u2013 8m2,&nbsp; dwie kom\u00f3rki po 8 m2 -, parter:&nbsp;536,61m2\u2013 cz\u0119\u015b\u0107 handlowo us\u0142ugowa 111,06 m2 \u2013gres , sufit podwieszany, \u0142azienka dla os\u00f3b niepe\u0142nosprawnych w cz\u0119\u015bci u\u017cytkowej 425,55m2 \u2013o\u015bwietlenie o podwy\u017cszonej ilo\u015bci \u015bwiat\u0142a,&nbsp; du\u017ca ilo\u015b\u0107 gniazd [&hellip;]<\/p>\n","protected":false},"author":1,"featured_media":0,"parent":0,"menu_order":0,"comment_status":"closed","ping_status":"closed","template":"","meta":{"footnotes":""},"class_list":["post-66","page","type-page","status-publish","hentry"],"_links":{"self":[{"href":"https:\/\/hitech.cfolks.pl\/index.php\/wp-json\/wp\/v2\/pages\/66","targetHints":{"allow":["GET"]}}],"collection":[{"href":"https:\/\/hitech.cfolks.pl\/index.php\/wp-json\/wp\/v2\/pages"}],"about":[{"href":"https:\/\/hitech.cfolks.pl\/index.php\/wp-json\/wp\/v2\/types\/page"}],"author":[{"embeddable":true,"href":"https:\/\/hitech.cfolks.pl\/index.php\/wp-json\/wp\/v2\/users\/1"}],"replies":[{"embeddable":true,"href":"https:\/\/hitech.cfolks.pl\/index.php\/wp-json\/wp\/v2\/comments?post=66"}],"version-history":[{"count":2,"href":"https:\/\/hitech.cfolks.pl\/index.php\/wp-json\/wp\/v2\/pages\/66\/revisions"}],"predecessor-version":[{"id":130,"href":"https:\/\/hitech.cfolks.pl\/index.php\/wp-json\/wp\/v2\/pages\/66\/revisions\/130"}],"wp:attachment":[{"href":"https:\/\/hitech.cfolks.pl\/index.php\/wp-json\/wp\/v2\/media?parent=66"}],"curies":[{"name":"wp","href":"https:\/\/api.w.org\/{rel}","templated":true}]}}